{"id":8225,"date":"2024-06-22T22:55:53","date_gmt":"2024-06-22T22:55:53","guid":{"rendered":"https:\/\/karafili.al\/?page_id=8225"},"modified":"2024-07-02T23:19:41","modified_gmt":"2024-07-02T23:19:41","slug":"pizzeria","status":"publish","type":"page","link":"https:\/\/karafili.al\/sq\/pizzeria\/","title":{"rendered":"Pizzeria"},"content":{"rendered":"<div data-elementor-type=\"wp-page\" data-elementor-id=\"8225\" class=\"elementor elementor-8225\">\n\t\t\t\t\t\t<section class=\"elementor-section elementor-top-section elementor-element elementor-element-13c3667 elementor-section-full_width qodef-elementor-content-grid elementor-section-height-default elementor-section-height-default\" data-id=\"13c3667\" data-element_type=\"section\" data-settings=\"{&quot;background_background&quot;:&quot;classic&quot;}\">\n\t\t\t\t\t\t<div class=\"elementor-container elementor-column-gap-default\">\n\t\t\t\t\t<div class=\"elementor-column elementor-col-100 elementor-top-column elementor-element elementor-element-41b9c06\" data-id=\"41b9c06\" data-element_type=\"column\">\n\t\t\t<div class=\"elementor-widget-wrap elementor-element-populated\">\n\t\t\t\t\t\t<section class=\"elementor-section elementor-inner-section elementor-element elementor-element-632043e elementor-section-full_width elementor-section-height-default elementor-section-height-default qodef-elementor-content-no\" data-id=\"632043e\" data-element_type=\"section\">\n\t\t\t\t\t\t<div class=\"elementor-container elementor-column-gap-default\">\n\t\t\t\t\t<div class=\"elementor-column elementor-col-50 elementor-inner-column elementor-element elementor-element-c3e494e\" data-id=\"c3e494e\" data-element_type=\"column\">\n\t\t\t<div class=\"elementor-widget-wrap elementor-element-populated\">\n\t\t\t\t\t\t<div class=\"elementor-element elementor-element-75d685a elementor-widget elementor-widget-thalassa_core_restaurant_menu_list\" data-id=\"75d685a\" data-element_type=\"widget\" data-widget_type=\"thalassa_core_restaurant_menu_list.default\">\n\t\t\t\t<div class=\"elementor-widget-container\">\n\t\t\t<div class=\"qodef-shortcode qodef-m  qodef-restaurant-menu-list qodef-grid qodef-layout--columns  qodef-gutter--normal qodef-col-num--1 qodef-item-layout--info-standard qodef-responsive--predefined\">\n\t<div class=\"qodef-grid-inner clear\">\n\t\t<div class=\"qodef-e qodef-grid-item\">\n\t<div class=\"qodef-e-inner\">\n\t\t<div class=\"qodef-e-heading\">\n\t\t\t<h3 class=\"qodef-e-heading-title\">\n\t\t\t\tCAPRI\t\t\t<\/h3>\n\t\t\t<div class=\"qodef-e-heading-line\"><\/div>\n\t\t\t\t\t\t\t<h3 class=\"qodef-e-heading-price\">650<\/h3>\n\t\t\t\t\t<\/div>\n\n\t\t\t\t\t<p class=\"qodef-e-description\">\n\t\t\t\tmocarela, salc\u00eb domate, ullinj t\u00eb zinj, domate, borzilok, hudh\u00ebr\t\t\t<\/p>\n\t\t\t<\/div>\n<\/div>\n<div class=\"qodef-e qodef-grid-item\">\n\t<div class=\"qodef-e-inner\">\n\t\t<div class=\"qodef-e-heading\">\n\t\t\t<h3 class=\"qodef-e-heading-title\">\n\t\t\t\tproshut\u00eb\t\t\t<\/h3>\n\t\t\t<div class=\"qodef-e-heading-line\"><\/div>\n\t\t\t\t\t\t\t<h3 class=\"qodef-e-heading-price\">650<\/h3>\n\t\t\t\t\t<\/div>\n\n\t\t\t\t\t<p class=\"qodef-e-description\">\n\t\t\t\tmocarela, salc\u00eb domate, proshut\u00eb e tymosur\t\t\t<\/p>\n\t\t\t<\/div>\n<\/div>\n<div class=\"qodef-e qodef-grid-item\">\n\t<div class=\"qodef-e-inner\">\n\t\t<div class=\"qodef-e-heading\">\n\t\t\t<h3 class=\"qodef-e-heading-title\">\n\t\t\t\tCOPENHAGEN\t\t\t<\/h3>\n\t\t\t<div class=\"qodef-e-heading-line\"><\/div>\n\t\t\t\t\t\t\t<h3 class=\"qodef-e-heading-price\">750<\/h3>\n\t\t\t\t\t<\/div>\n\n\t\t\t\t\t<p class=\"qodef-e-description\">\n\t\t\t\tmocarela, salc\u00eb domate, sallam, proshut\u00eb, sous\t\t\t<\/p>\n\t\t\t<\/div>\n<\/div>\n<div class=\"qodef-e qodef-grid-item\">\n\t<div class=\"qodef-e-inner\">\n\t\t<div class=\"qodef-e-heading\">\n\t\t\t<h3 class=\"qodef-e-heading-title\">\n\t\t\t\tSallam &amp; Proshut\u00eb\t\t\t<\/h3>\n\t\t\t<div class=\"qodef-e-heading-line\"><\/div>\n\t\t\t\t\t\t\t<h3 class=\"qodef-e-heading-price\">750<\/h3>\n\t\t\t\t\t<\/div>\n\n\t\t\t\t\t<p class=\"qodef-e-description\">\n\t\t\t\tmocarela, salc\u00eb domate, proshut\u00eb e tymosur, sallam\t\t\t<\/p>\n\t\t\t<\/div>\n<\/div>\n<div class=\"qodef-e qodef-grid-item\">\n\t<div class=\"qodef-e-inner\">\n\t\t<div class=\"qodef-e-heading\">\n\t\t\t<h3 class=\"qodef-e-heading-title\">\n\t\t\t\tSallam\t\t\t<\/h3>\n\t\t\t<div class=\"qodef-e-heading-line\"><\/div>\n\t\t\t\t\t\t\t<h3 class=\"qodef-e-heading-price\">650<\/h3>\n\t\t\t\t\t<\/div>\n\n\t\t\t\t\t<p class=\"qodef-e-description\">\n\t\t\t\tmocarela, salc\u00eb domate, sallam\t\t\t<\/p>\n\t\t\t<\/div>\n<\/div>\n<div class=\"qodef-e qodef-grid-item\">\n\t<div class=\"qodef-e-inner\">\n\t\t<div class=\"qodef-e-heading\">\n\t\t\t<h3 class=\"qodef-e-heading-title\">\n\t\t\t\tproshut\u00eb k\u00ebrpudh\u00eb\t\t\t<\/h3>\n\t\t\t<div class=\"qodef-e-heading-line\"><\/div>\n\t\t\t\t\t\t\t<h3 class=\"qodef-e-heading-price\">650<\/h3>\n\t\t\t\t\t<\/div>\n\n\t\t\t\t\t<p class=\"qodef-e-description\">\n\t\t\t\tmocarela, salc\u00eb domate, proshut\u00eb, k\u00ebrpudha\t\t\t<\/p>\n\t\t\t<\/div>\n<\/div>\n<div class=\"qodef-e qodef-grid-item\">\n\t<div class=\"qodef-e-inner\">\n\t\t<div class=\"qodef-e-heading\">\n\t\t\t<h3 class=\"qodef-e-heading-title\">\n\t\t\t\tDIAVOLA\t\t\t<\/h3>\n\t\t\t<div class=\"qodef-e-heading-line\"><\/div>\n\t\t\t\t\t\t\t<h3 class=\"qodef-e-heading-price\">650<\/h3>\n\t\t\t\t\t<\/div>\n\n\t\t\t\t\t<p class=\"qodef-e-description\">\n\t\t\t\tmocarela, salc\u00eb domatesh, sallam pikant\t\t\t<\/p>\n\t\t\t<\/div>\n<\/div>\n<div class=\"qodef-e qodef-grid-item\">\n\t<div class=\"qodef-e-inner\">\n\t\t<div class=\"qodef-e-heading\">\n\t\t\t<h3 class=\"qodef-e-heading-title\">\n\t\t\t\tChef\t\t\t<\/h3>\n\t\t\t<div class=\"qodef-e-heading-line\"><\/div>\n\t\t\t\t\t\t\t<h3 class=\"qodef-e-heading-price\">750<\/h3>\n\t\t\t\t\t<\/div>\n\n\t\t\t\t\t<p class=\"qodef-e-description\">\n\t\t\t\tmocarela, salc\u00eb domate, proshut\u00eb, mis\u00ebr, krem dopio\t\t\t<\/p>\n\t\t\t<\/div>\n<\/div>\n\t<\/div>\n<\/div>\n\t\t<\/div>\n\t\t\t\t<\/div>\n\t\t\t\t\t<\/div>\n\t\t<\/div>\n\t\t\t\t<div class=\"elementor-column elementor-col-50 elementor-inner-column elementor-element elementor-element-8e8aa07\" data-id=\"8e8aa07\" data-element_type=\"column\">\n\t\t\t<div class=\"elementor-widget-wrap elementor-element-populated\">\n\t\t\t\t\t\t<div class=\"elementor-element elementor-element-6af7b12 elementor-widget elementor-widget-thalassa_core_restaurant_menu_list\" data-id=\"6af7b12\" data-element_type=\"widget\" data-widget_type=\"thalassa_core_restaurant_menu_list.default\">\n\t\t\t\t<div class=\"elementor-widget-container\">\n\t\t\t<div class=\"qodef-shortcode qodef-m  qodef-restaurant-menu-list qodef-grid qodef-layout--columns  qodef-gutter--normal qodef-col-num--1 qodef-item-layout--info-standard qodef-responsive--predefined\">\n\t<div class=\"qodef-grid-inner clear\">\n\t\t<div class=\"qodef-e qodef-grid-item\">\n\t<div class=\"qodef-e-inner\">\n\t\t<div class=\"qodef-e-heading\">\n\t\t\t<h3 class=\"qodef-e-heading-title\">\n\t\t\t\tKRUDO\t\t\t<\/h3>\n\t\t\t<div class=\"qodef-e-heading-line\"><\/div>\n\t\t\t\t\t\t\t<h3 class=\"qodef-e-heading-price\">850<\/h3>\n\t\t\t\t\t<\/div>\n\n\t\t\t\t\t<p class=\"qodef-e-description\">\n\t\t\t\tmocarela, salc\u00eb domate, proscuitto crudo, domate.grana\t\t\t<\/p>\n\t\t\t<\/div>\n<\/div>\n<div class=\"qodef-e qodef-grid-item\">\n\t<div class=\"qodef-e-inner\">\n\t\t<div class=\"qodef-e-heading\">\n\t\t\t<h3 class=\"qodef-e-heading-title\">\n\t\t\t\tKAPRI\u00c7OZA\t\t\t<\/h3>\n\t\t\t<div class=\"qodef-e-heading-line\"><\/div>\n\t\t\t\t\t\t\t<h3 class=\"qodef-e-heading-price\">750<\/h3>\n\t\t\t\t\t<\/div>\n\n\t\t\t\t\t<p class=\"qodef-e-description\">\n\t\t\t\tmocarela, salc\u00eb domate, proshut\u00eb, speca, ullinj t\u00eb zinj, k\u00ebrpudha\t\t\t<\/p>\n\t\t\t<\/div>\n<\/div>\n<div class=\"qodef-e qodef-grid-item\">\n\t<div class=\"qodef-e-inner\">\n\t\t<div class=\"qodef-e-heading\">\n\t\t\t<h3 class=\"qodef-e-heading-title\">\n\t\t\t\t4 stin\u00ebt\t\t\t<\/h3>\n\t\t\t<div class=\"qodef-e-heading-line\"><\/div>\n\t\t\t\t\t\t\t<h3 class=\"qodef-e-heading-price\">800<\/h3>\n\t\t\t\t\t<\/div>\n\n\t\t\t\t\t<p class=\"qodef-e-description\">\n\t\t\t\tmocarela, salc\u00eb domate, proshut\u00eb.speca, ullinj, k\u00ebrpudha, ton\t\t\t<\/p>\n\t\t\t<\/div>\n<\/div>\n<div class=\"qodef-e qodef-grid-item\">\n\t<div class=\"qodef-e-inner\">\n\t\t<div class=\"qodef-e-heading\">\n\t\t\t<h3 class=\"qodef-e-heading-title\">\n\t\t\t\tTONO\t\t\t<\/h3>\n\t\t\t<div class=\"qodef-e-heading-line\"><\/div>\n\t\t\t\t\t\t\t<h3 class=\"qodef-e-heading-price\">700<\/h3>\n\t\t\t\t\t<\/div>\n\n\t\t\t\t\t<p class=\"qodef-e-description\">\n\t\t\t\tmocarela, salc\u00eb domate, ton\t\t\t<\/p>\n\t\t\t<\/div>\n<\/div>\n<div class=\"qodef-e qodef-grid-item\">\n\t<div class=\"qodef-e-inner\">\n\t\t<div class=\"qodef-e-heading\">\n\t\t\t<h3 class=\"qodef-e-heading-title\">\n\t\t\t\t4 DJATHRAT\t\t\t<\/h3>\n\t\t\t<div class=\"qodef-e-heading-line\"><\/div>\n\t\t\t\t\t\t\t<h3 class=\"qodef-e-heading-price\">700<\/h3>\n\t\t\t\t\t<\/div>\n\n\t\t\t\t\t<p class=\"qodef-e-description\">\n\t\t\t\tmocarela, salc\u00eb domate, Grana Padano, gorgonzola, gouda\t\t\t<\/p>\n\t\t\t<\/div>\n<\/div>\n<div class=\"qodef-e qodef-grid-item\">\n\t<div class=\"qodef-e-inner\">\n\t\t<div class=\"qodef-e-heading\">\n\t\t\t<h3 class=\"qodef-e-heading-title\">\n\t\t\t\tMARGHERITA\t\t\t<\/h3>\n\t\t\t<div class=\"qodef-e-heading-line\"><\/div>\n\t\t\t\t\t\t\t<h3 class=\"qodef-e-heading-price\">550<\/h3>\n\t\t\t\t\t<\/div>\n\n\t\t\t\t\t<p class=\"qodef-e-description\">\n\t\t\t\tmocarela, salc\u00eb domate, gouda,\t\t\t<\/p>\n\t\t\t<\/div>\n<\/div>\n<div class=\"qodef-e qodef-grid-item\">\n\t<div class=\"qodef-e-inner\">\n\t\t<div class=\"qodef-e-heading\">\n\t\t\t<h3 class=\"qodef-e-heading-title\">\n\t\t\t\tFOCACCIA\t\t\t<\/h3>\n\t\t\t<div class=\"qodef-e-heading-line\"><\/div>\n\t\t\t\t\t\t\t<h3 class=\"qodef-e-heading-price\">200<\/h3>\n\t\t\t\t\t<\/div>\n\n\t\t\t<\/div>\n<\/div>\n\t<\/div>\n<\/div>\n\t\t<\/div>\n\t\t\t\t<\/div>\n\t\t\t\t\t<\/div>\n\t\t<\/div>\n\t\t\t\t\t<\/div>\n\t\t<\/section>\n\t\t\t\t\t<\/div>\n\t\t<\/div>\n\t\t\t\t\t<\/div>\n\t\t<\/section>\n\t\t\t\t<\/div>","protected":false},"excerpt":{"rendered":"<p>CAPRI 650 mocarela, salc\u00eb domate, ullinj t\u00eb zi, domate, borzilok, hudh\u00ebr HAM 650 mocarela, salc\u00eb domate, proshut\u00eb e tymosur COPENHAGEN 750 mocarela, salc\u00eb domate, sallam, proshut\u00eb, sous HAM &amp; SALAMI 750 mocarela, salc\u00eb domate 650, salc\u00eb domateje SA, sallam i tymosur. salc\u00eb, sallam proshut\u00eb dhe k\u00ebrpudha 650 mocarela, salc\u00eb domate, proshut\u00eb, k\u00ebrpudha DIAVOLA 650 mocarela, salc\u00eb domate, sallam pikant [\u2026]<\/p>","protected":false},"author":1,"featured_media":0,"parent":0,"menu_order":0,"comment_status":"closed","ping_status":"closed","template":"page-full-width.php","meta":{"footnotes":""},"_links":{"self":[{"href":"https:\/\/karafili.al\/sq\/wp-json\/wp\/v2\/pages\/8225"}],"collection":[{"href":"https:\/\/karafili.al\/sq\/wp-json\/wp\/v2\/pages"}],"about":[{"href":"https:\/\/karafili.al\/sq\/wp-json\/wp\/v2\/types\/page"}],"author":[{"embeddable":true,"href":"https:\/\/karafili.al\/sq\/wp-json\/wp\/v2\/users\/1"}],"replies":[{"embeddable":true,"href":"https:\/\/karafili.al\/sq\/wp-json\/wp\/v2\/comments?post=8225"}],"version-history":[{"count":10,"href":"https:\/\/karafili.al\/sq\/wp-json\/wp\/v2\/pages\/8225\/revisions"}],"predecessor-version":[{"id":8640,"href":"https:\/\/karafili.al\/sq\/wp-json\/wp\/v2\/pages\/8225\/revisions\/8640"}],"wp:attachment":[{"href":"https:\/\/karafili.al\/sq\/wp-json\/wp\/v2\/media?parent=8225"}],"curies":[{"name":"wp","href":"https:\/\/api.w.org\/{rel}","templated":true}]}}