{"id":8133,"date":"2024-06-22T21:16:26","date_gmt":"2024-06-22T21:16:26","guid":{"rendered":"https:\/\/karafili.al\/?page_id=8133"},"modified":"2024-07-02T23:19:07","modified_gmt":"2024-07-02T23:19:07","slug":"beach-bar-menu","status":"publish","type":"page","link":"https:\/\/karafili.al\/sq\/beach-bar-menu\/","title":{"rendered":"Menu Beach Bar"},"content":{"rendered":"<div data-elementor-type=\"wp-page\" data-elementor-id=\"8133\" class=\"elementor elementor-8133\">\n\t\t\t\t\t\t<section class=\"elementor-section elementor-top-section elementor-element elementor-element-945a4fc elementor-section-full_width qodef-elementor-content-grid elementor-section-height-default elementor-section-height-default\" data-id=\"945a4fc\" data-element_type=\"section\" data-settings=\"{&quot;background_background&quot;:&quot;classic&quot;}\">\n\t\t\t\t\t\t<div class=\"elementor-container elementor-column-gap-default\">\n\t\t\t\t\t<div class=\"elementor-column elementor-col-100 elementor-top-column elementor-element elementor-element-bdd8113\" data-id=\"bdd8113\" data-element_type=\"column\">\n\t\t\t<div class=\"elementor-widget-wrap elementor-element-populated\">\n\t\t\t\t\t\t<section class=\"elementor-section elementor-inner-section elementor-element elementor-element-0ccbd29 elementor-section-full_width elementor-section-height-default elementor-section-height-default qodef-elementor-content-no\" data-id=\"0ccbd29\" data-element_type=\"section\">\n\t\t\t\t\t\t<div class=\"elementor-container elementor-column-gap-default\">\n\t\t\t\t\t<div class=\"elementor-column elementor-col-50 elementor-inner-column elementor-element elementor-element-cfdc89a\" data-id=\"cfdc89a\" data-element_type=\"column\">\n\t\t\t<div class=\"elementor-widget-wrap elementor-element-populated\">\n\t\t\t\t\t\t<div class=\"elementor-element elementor-element-8fe4a80 elementor-widget elementor-widget-thalassa_core_restaurant_menu_list\" data-id=\"8fe4a80\" data-element_type=\"widget\" data-widget_type=\"thalassa_core_restaurant_menu_list.default\">\n\t\t\t\t<div class=\"elementor-widget-container\">\n\t\t\t<div class=\"qodef-shortcode qodef-m  qodef-restaurant-menu-list qodef-grid qodef-layout--columns  qodef-gutter--normal qodef-col-num--1 qodef-item-layout--info-standard qodef-responsive--predefined\">\n\t<div class=\"qodef-grid-inner clear\">\n\t\t<div class=\"qodef-e qodef-grid-item\">\n\t<div class=\"qodef-e-inner\">\n\t\t<div class=\"qodef-e-heading\">\n\t\t\t<h3 class=\"qodef-e-heading-title\">\n\t\t\t\tMojito\t\t\t<\/h3>\n\t\t\t<div class=\"qodef-e-heading-line\"><\/div>\n\t\t\t\t\t\t\t<h3 class=\"qodef-e-heading-price\">700<\/h3>\n\t\t\t\t\t<\/div>\n\n\t\t\t\t\t<p class=\"qodef-e-description\">\n\t\t\t\trum, sheqer, lime, sode\t\t\t<\/p>\n\t\t\t<\/div>\n<\/div>\n<div class=\"qodef-e qodef-grid-item\">\n\t<div class=\"qodef-e-inner\">\n\t\t<div class=\"qodef-e-heading\">\n\t\t\t<h3 class=\"qodef-e-heading-title\">\n\t\t\t\tCaipirosca\t\t\t<\/h3>\n\t\t\t<div class=\"qodef-e-heading-line\"><\/div>\n\t\t\t\t\t\t\t<h3 class=\"qodef-e-heading-price\">700<\/h3>\n\t\t\t\t\t<\/div>\n\n\t\t\t\t\t<p class=\"qodef-e-description\">\n\t\t\t\tvodka, lime, luleshtrydhe\t\t\t<\/p>\n\t\t\t<\/div>\n<\/div>\n<div class=\"qodef-e qodef-grid-item\">\n\t<div class=\"qodef-e-inner\">\n\t\t<div class=\"qodef-e-heading\">\n\t\t\t<h3 class=\"qodef-e-heading-title\">\n\t\t\t\tSex on the beach\t\t\t<\/h3>\n\t\t\t<div class=\"qodef-e-heading-line\"><\/div>\n\t\t\t\t\t\t\t<h3 class=\"qodef-e-heading-price\">700<\/h3>\n\t\t\t\t\t<\/div>\n\n\t\t\t\t\t<p class=\"qodef-e-description\">\n\t\t\t\tvodka, pjeshk\u00eb, portokalle, sheg\u00eb\t\t\t<\/p>\n\t\t\t<\/div>\n<\/div>\n<div class=\"qodef-e qodef-grid-item\">\n\t<div class=\"qodef-e-inner\">\n\t\t<div class=\"qodef-e-heading\">\n\t\t\t<h3 class=\"qodef-e-heading-title\">\n\t\t\t\tDisaronno Sour\t\t\t<\/h3>\n\t\t\t<div class=\"qodef-e-heading-line\"><\/div>\n\t\t\t\t\t\t\t<h3 class=\"qodef-e-heading-price\">700<\/h3>\n\t\t\t\t\t<\/div>\n\n\t\t\t\t\t<p class=\"qodef-e-description\">\n\t\t\t\tdisaronno, sheqer, limon\t\t\t<\/p>\n\t\t\t<\/div>\n<\/div>\n<div class=\"qodef-e qodef-grid-item\">\n\t<div class=\"qodef-e-inner\">\n\t\t<div class=\"qodef-e-heading\">\n\t\t\t<h3 class=\"qodef-e-heading-title\">\n\t\t\t\tMargarita\t\t\t<\/h3>\n\t\t\t<div class=\"qodef-e-heading-line\"><\/div>\n\t\t\t\t\t\t\t<h3 class=\"qodef-e-heading-price\">650<\/h3>\n\t\t\t\t\t<\/div>\n\n\t\t\t\t\t<p class=\"qodef-e-description\">\n\t\t\t\ttequila, trefisht\u00eb sec, g\u00eblqere\t\t\t<\/p>\n\t\t\t<\/div>\n<\/div>\n<div class=\"qodef-e qodef-grid-item\">\n\t<div class=\"qodef-e-inner\">\n\t\t<div class=\"qodef-e-heading\">\n\t\t\t<h3 class=\"qodef-e-heading-title\">\n\t\t\t\tPina Colada\t\t\t<\/h3>\n\t\t\t<div class=\"qodef-e-heading-line\"><\/div>\n\t\t\t\t\t\t\t<h3 class=\"qodef-e-heading-price\">600<\/h3>\n\t\t\t\t\t<\/div>\n\n\t\t\t\t\t<p class=\"qodef-e-description\">\n\t\t\t\trum, arr\u00eb kokosi, l\u00ebng ananasi\t\t\t<\/p>\n\t\t\t<\/div>\n<\/div>\n<div class=\"qodef-e qodef-grid-item\">\n\t<div class=\"qodef-e-inner\">\n\t\t<div class=\"qodef-e-heading\">\n\t\t\t<h3 class=\"qodef-e-heading-title\">\n\t\t\t\tAperol Spritz\t\t\t<\/h3>\n\t\t\t<div class=\"qodef-e-heading-line\"><\/div>\n\t\t\t\t\t\t\t<h3 class=\"qodef-e-heading-price\">550<\/h3>\n\t\t\t\t\t<\/div>\n\n\t\t\t\t\t<p class=\"qodef-e-description\">\n\t\t\t\taperol, sode, prosecco\t\t\t<\/p>\n\t\t\t<\/div>\n<\/div>\n<div class=\"qodef-e qodef-grid-item\">\n\t<div class=\"qodef-e-inner\">\n\t\t<div class=\"qodef-e-heading\">\n\t\t\t<h3 class=\"qodef-e-heading-title\">\n\t\t\t\tVodka sour\t\t\t<\/h3>\n\t\t\t<div class=\"qodef-e-heading-line\"><\/div>\n\t\t\t\t\t\t\t<h3 class=\"qodef-e-heading-price\">700<\/h3>\n\t\t\t\t\t<\/div>\n\n\t\t\t\t\t<p class=\"qodef-e-description\">\n\t\t\t\tdisaronno, sheqer, limon\t\t\t<\/p>\n\t\t\t<\/div>\n<\/div>\n\t<\/div>\n<\/div>\n\t\t<\/div>\n\t\t\t\t<\/div>\n\t\t\t\t\t<\/div>\n\t\t<\/div>\n\t\t\t\t<div class=\"elementor-column elementor-col-50 elementor-inner-column elementor-element elementor-element-d54f779\" data-id=\"d54f779\" data-element_type=\"column\">\n\t\t\t<div class=\"elementor-widget-wrap elementor-element-populated\">\n\t\t\t\t\t\t<div class=\"elementor-element elementor-element-ec21fb5 elementor-widget elementor-widget-thalassa_core_restaurant_menu_list\" data-id=\"ec21fb5\" data-element_type=\"widget\" data-widget_type=\"thalassa_core_restaurant_menu_list.default\">\n\t\t\t\t<div class=\"elementor-widget-container\">\n\t\t\t<div class=\"qodef-shortcode qodef-m  qodef-restaurant-menu-list qodef-grid qodef-layout--columns  qodef-gutter--normal qodef-col-num--1 qodef-item-layout--info-standard qodef-responsive--predefined\">\n\t<div class=\"qodef-grid-inner clear\">\n\t\t<div class=\"qodef-e qodef-grid-item\">\n\t<div class=\"qodef-e-inner\">\n\t\t<div class=\"qodef-e-heading\">\n\t\t\t<h3 class=\"qodef-e-heading-title\">\n\t\t\t\tbriosh\t\t\t<\/h3>\n\t\t\t<div class=\"qodef-e-heading-line\"><\/div>\n\t\t\t\t\t\t\t<h3 class=\"qodef-e-heading-price\">120<\/h3>\n\t\t\t\t\t<\/div>\n\n\t\t\t<\/div>\n<\/div>\n<div class=\"qodef-e qodef-grid-item\">\n\t<div class=\"qodef-e-inner\">\n\t\t<div class=\"qodef-e-heading\">\n\t\t\t<h3 class=\"qodef-e-heading-title\">\n\t\t\t\tToast\t\t\t<\/h3>\n\t\t\t<div class=\"qodef-e-heading-line\"><\/div>\n\t\t\t\t\t\t\t<h3 class=\"qodef-e-heading-price\">150<\/h3>\n\t\t\t\t\t<\/div>\n\n\t\t\t<\/div>\n<\/div>\n<div class=\"qodef-e qodef-grid-item\">\n\t<div class=\"qodef-e-inner\">\n\t\t<div class=\"qodef-e-heading\">\n\t\t\t<h3 class=\"qodef-e-heading-title\">\n\t\t\t\tMiks Frutash\t\t\t<\/h3>\n\t\t\t<div class=\"qodef-e-heading-line\"><\/div>\n\t\t\t\t\t\t\t<h3 class=\"qodef-e-heading-price\">350<\/h3>\n\t\t\t\t\t<\/div>\n\n\t\t\t<\/div>\n<\/div>\n<div class=\"qodef-e qodef-grid-item\">\n\t<div class=\"qodef-e-inner\">\n\t\t<div class=\"qodef-e-heading\">\n\t\t\t<h3 class=\"qodef-e-heading-title\">\n\t\t\t\tl\u00ebng portokalli\t\t\t<\/h3>\n\t\t\t<div class=\"qodef-e-heading-line\"><\/div>\n\t\t\t\t\t\t\t<h3 class=\"qodef-e-heading-price\">300<\/h3>\n\t\t\t\t\t<\/div>\n\n\t\t\t<\/div>\n<\/div>\n<div class=\"qodef-e qodef-grid-item\">\n\t<div class=\"qodef-e-inner\">\n\t\t<div class=\"qodef-e-heading\">\n\t\t\t<h3 class=\"qodef-e-heading-title\">\n\t\t\t\tFreddo kapu\u00e7ino\t\t\t<\/h3>\n\t\t\t<div class=\"qodef-e-heading-line\"><\/div>\n\t\t\t\t\t\t\t<h3 class=\"qodef-e-heading-price\">220<\/h3>\n\t\t\t\t\t<\/div>\n\n\t\t\t<\/div>\n<\/div>\n<div class=\"qodef-e qodef-grid-item\">\n\t<div class=\"qodef-e-inner\">\n\t\t<div class=\"qodef-e-heading\">\n\t\t\t<h3 class=\"qodef-e-heading-title\">\n\t\t\t\t\u00c7okollat\u00eb e ftoht\u00eb\t\t\t<\/h3>\n\t\t\t<div class=\"qodef-e-heading-line\"><\/div>\n\t\t\t\t\t\t\t<h3 class=\"qodef-e-heading-price\">200<\/h3>\n\t\t\t\t\t<\/div>\n\n\t\t\t<\/div>\n<\/div>\n<div class=\"qodef-e qodef-grid-item\">\n\t<div class=\"qodef-e-inner\">\n\t\t<div class=\"qodef-e-heading\">\n\t\t\t<h3 class=\"qodef-e-heading-title\">\n\t\t\t\tSmoothie\t\t\t<\/h3>\n\t\t\t<div class=\"qodef-e-heading-line\"><\/div>\n\t\t\t\t\t\t\t<h3 class=\"qodef-e-heading-price\">300<\/h3>\n\t\t\t\t\t<\/div>\n\n\t\t\t<\/div>\n<\/div>\n<div class=\"qodef-e qodef-grid-item\">\n\t<div class=\"qodef-e-inner\">\n\t\t<div class=\"qodef-e-heading\">\n\t\t\t<h3 class=\"qodef-e-heading-title\">\n\t\t\t\tMilkshake\t\t\t<\/h3>\n\t\t\t<div class=\"qodef-e-heading-line\"><\/div>\n\t\t\t\t\t\t\t<h3 class=\"qodef-e-heading-price\">200<\/h3>\n\t\t\t\t\t<\/div>\n\n\t\t\t<\/div>\n<\/div>\n<div class=\"qodef-e qodef-grid-item\">\n\t<div class=\"qodef-e-inner\">\n\t\t<div class=\"qodef-e-heading\">\n\t\t\t<h3 class=\"qodef-e-heading-title\">\n\t\t\t\tFreddo espresso\t\t\t<\/h3>\n\t\t\t<div class=\"qodef-e-heading-line\"><\/div>\n\t\t\t\t\t\t\t<h3 class=\"qodef-e-heading-price\">180<\/h3>\n\t\t\t\t\t<\/div>\n\n\t\t\t<\/div>\n<\/div>\n<div class=\"qodef-e qodef-grid-item\">\n\t<div class=\"qodef-e-inner\">\n\t\t<div class=\"qodef-e-heading\">\n\t\t\t<h3 class=\"qodef-e-heading-title\">\n\t\t\t\tFrape\t\t\t<\/h3>\n\t\t\t<div class=\"qodef-e-heading-line\"><\/div>\n\t\t\t\t\t\t\t<h3 class=\"qodef-e-heading-price\">200<\/h3>\n\t\t\t\t\t<\/div>\n\n\t\t\t<\/div>\n<\/div>\n<div class=\"qodef-e qodef-grid-item\">\n\t<div class=\"qodef-e-inner\">\n\t\t<div class=\"qodef-e-heading\">\n\t\t\t<h3 class=\"qodef-e-heading-title\">\n\t\t\t\tHeineken\t\t\t<\/h3>\n\t\t\t<div class=\"qodef-e-heading-line\"><\/div>\n\t\t\t\t\t\t\t<h3 class=\"qodef-e-heading-price\">300<\/h3>\n\t\t\t\t\t<\/div>\n\n\t\t\t<\/div>\n<\/div>\n<div class=\"qodef-e qodef-grid-item\">\n\t<div class=\"qodef-e-inner\">\n\t\t<div class=\"qodef-e-heading\">\n\t\t\t<h3 class=\"qodef-e-heading-title\">\n\t\t\t\tPeroni\t\t\t<\/h3>\n\t\t\t<div class=\"qodef-e-heading-line\"><\/div>\n\t\t\t\t\t\t\t<h3 class=\"qodef-e-heading-price\">250<\/h3>\n\t\t\t\t\t<\/div>\n\n\t\t\t<\/div>\n<\/div>\n<div class=\"qodef-e qodef-grid-item\">\n\t<div class=\"qodef-e-inner\">\n\t\t<div class=\"qodef-e-heading\">\n\t\t\t<h3 class=\"qodef-e-heading-title\">\n\t\t\t\tKorona\t\t\t<\/h3>\n\t\t\t<div class=\"qodef-e-heading-line\"><\/div>\n\t\t\t\t\t\t\t<h3 class=\"qodef-e-heading-price\">400<\/h3>\n\t\t\t\t\t<\/div>\n\n\t\t\t<\/div>\n<\/div>\n<div class=\"qodef-e qodef-grid-item\">\n\t<div class=\"qodef-e-inner\">\n\t\t<div class=\"qodef-e-heading\">\n\t\t\t<h3 class=\"qodef-e-heading-title\">\n\t\t\t\tKor\u00e7a\t\t\t<\/h3>\n\t\t\t<div class=\"qodef-e-heading-line\"><\/div>\n\t\t\t\t\t\t\t<h3 class=\"qodef-e-heading-price\">200<\/h3>\n\t\t\t\t\t<\/div>\n\n\t\t\t<\/div>\n<\/div>\n\t<\/div>\n<\/div>\n\t\t<\/div>\n\t\t\t\t<\/div>\n\t\t\t\t\t<\/div>\n\t\t<\/div>\n\t\t\t\t\t<\/div>\n\t\t<\/section>\n\t\t\t\t\t<\/div>\n\t\t<\/div>\n\t\t\t\t\t<\/div>\n\t\t<\/section>\n\t\t<div class=\"elementor-element elementor-element-c42c852 e-flex e-con-boxed e-con e-parent\" data-id=\"c42c852\" data-element_type=\"container\">\n\t\t\t\t\t<div class=\"e-con-inner\">\n\t\t\t\t<div class=\"elementor-element elementor-element-e3f375e elementor-widget elementor-widget-thalassa_core_image_gallery\" data-id=\"e3f375e\" data-element_type=\"widget\" data-widget_type=\"thalassa_core_image_gallery.default\">\n\t\t\t\t<div class=\"elementor-widget-container\">\n\t\t\t<div class=\"qodef-shortcode qodef-m  qodef-image-gallery qodef-magnific-popup qodef-popup-gallery qodef-grid qodef-layout--columns  qodef-gutter--normal qodef-col-num--3  qodef-responsive--predefined\">\n\t<div class=\"qodef-grid-inner clear\">\n\t\t<div class=\"qodef-e qodef-image-wrapper qodef-grid-item\">\n\t\t\t<a class=\"qodef-popup-item\" itemprop=\"image\" href=\"https:\/\/karafili.al\/wp-content\/uploads\/2024\/06\/PHOTO-2024-02-10-14-01-49-3.jpg\" data-type=\"image\" title=\"\">\n\t\t\t<img fetchpriority=\"high\" decoding=\"async\" width=\"960\" height=\"1280\" src=\"https:\/\/karafili.al\/wp-content\/uploads\/2024\/06\/PHOTO-2024-02-10-14-01-49-3.jpg\" class=\"attachment-full size-full\" alt=\"\" srcset=\"https:\/\/karafili.al\/wp-content\/uploads\/2024\/06\/PHOTO-2024-02-10-14-01-49-3.jpg 960w, https:\/\/karafili.al\/wp-content\/uploads\/2024\/06\/PHOTO-2024-02-10-14-01-49-3-225x300.jpg 225w, https:\/\/karafili.al\/wp-content\/uploads\/2024\/06\/PHOTO-2024-02-10-14-01-49-3-768x1024.jpg 768w, https:\/\/karafili.al\/wp-content\/uploads\/2024\/06\/PHOTO-2024-02-10-14-01-49-3-9x12.jpg 9w, https:\/\/karafili.al\/wp-content\/uploads\/2024\/06\/PHOTO-2024-02-10-14-01-49-3-600x800.jpg 600w\" sizes=\"(max-width: 960px) 100vw, 960px\" \/>\t\t\t<\/a>\n\t<\/div>\n<div class=\"qodef-e qodef-image-wrapper qodef-grid-item\">\n\t\t\t<a class=\"qodef-popup-item\" itemprop=\"image\" href=\"https:\/\/karafili.al\/wp-content\/uploads\/2024\/06\/PHOTO-2019-05-06-22-10-45-1.jpg\" data-type=\"image\" title=\"\">\n\t\t\t<img decoding=\"async\" width=\"1200\" height=\"1600\" src=\"https:\/\/karafili.al\/wp-content\/uploads\/2024\/06\/PHOTO-2019-05-06-22-10-45-1.jpg\" class=\"attachment-full size-full\" alt=\"\" srcset=\"https:\/\/karafili.al\/wp-content\/uploads\/2024\/06\/PHOTO-2019-05-06-22-10-45-1.jpg 1200w, https:\/\/karafili.al\/wp-content\/uploads\/2024\/06\/PHOTO-2019-05-06-22-10-45-1-225x300.jpg 225w, https:\/\/karafili.al\/wp-content\/uploads\/2024\/06\/PHOTO-2019-05-06-22-10-45-1-768x1024.jpg 768w, https:\/\/karafili.al\/wp-content\/uploads\/2024\/06\/PHOTO-2019-05-06-22-10-45-1-1152x1536.jpg 1152w, https:\/\/karafili.al\/wp-content\/uploads\/2024\/06\/PHOTO-2019-05-06-22-10-45-1-9x12.jpg 9w, https:\/\/karafili.al\/wp-content\/uploads\/2024\/06\/PHOTO-2019-05-06-22-10-45-1-600x800.jpg 600w\" sizes=\"(max-width: 1200px) 100vw, 1200px\" \/>\t\t\t<\/a>\n\t<\/div>\n<div class=\"qodef-e qodef-image-wrapper qodef-grid-item\">\n\t\t\t<a class=\"qodef-popup-item\" itemprop=\"image\" href=\"https:\/\/karafili.al\/wp-content\/uploads\/2024\/06\/PHOTO-2019-05-06-22-12-52-1-1.jpg\" data-type=\"image\" title=\"\">\n\t\t\t<img decoding=\"async\" width=\"1200\" height=\"1600\" src=\"https:\/\/karafili.al\/wp-content\/uploads\/2024\/06\/PHOTO-2019-05-06-22-12-52-1-1.jpg\" class=\"attachment-full size-full\" alt=\"\" srcset=\"https:\/\/karafili.al\/wp-content\/uploads\/2024\/06\/PHOTO-2019-05-06-22-12-52-1-1.jpg 1200w, https:\/\/karafili.al\/wp-content\/uploads\/2024\/06\/PHOTO-2019-05-06-22-12-52-1-1-225x300.jpg 225w, https:\/\/karafili.al\/wp-content\/uploads\/2024\/06\/PHOTO-2019-05-06-22-12-52-1-1-768x1024.jpg 768w, https:\/\/karafili.al\/wp-content\/uploads\/2024\/06\/PHOTO-2019-05-06-22-12-52-1-1-1152x1536.jpg 1152w, https:\/\/karafili.al\/wp-content\/uploads\/2024\/06\/PHOTO-2019-05-06-22-12-52-1-1-9x12.jpg 9w, https:\/\/karafili.al\/wp-content\/uploads\/2024\/06\/PHOTO-2019-05-06-22-12-52-1-1-600x800.jpg 600w\" sizes=\"(max-width: 1200px) 100vw, 1200px\" \/>\t\t\t<\/a>\n\t<\/div>\n<div class=\"qodef-e qodef-image-wrapper qodef-grid-item\">\n\t\t\t<a class=\"qodef-popup-item\" itemprop=\"image\" href=\"https:\/\/karafili.al\/wp-content\/uploads\/2024\/06\/PHOTO-2019-08-13-11-32-27.jpg\" data-type=\"image\" title=\"\">\n\t\t\t<img loading=\"lazy\" decoding=\"async\" width=\"960\" height=\"1280\" src=\"https:\/\/karafili.al\/wp-content\/uploads\/2024\/06\/PHOTO-2019-08-13-11-32-27.jpg\" class=\"attachment-full size-full\" alt=\"\" srcset=\"https:\/\/karafili.al\/wp-content\/uploads\/2024\/06\/PHOTO-2019-08-13-11-32-27.jpg 960w, https:\/\/karafili.al\/wp-content\/uploads\/2024\/06\/PHOTO-2019-08-13-11-32-27-225x300.jpg 225w, https:\/\/karafili.al\/wp-content\/uploads\/2024\/06\/PHOTO-2019-08-13-11-32-27-768x1024.jpg 768w, https:\/\/karafili.al\/wp-content\/uploads\/2024\/06\/PHOTO-2019-08-13-11-32-27-9x12.jpg 9w, https:\/\/karafili.al\/wp-content\/uploads\/2024\/06\/PHOTO-2019-08-13-11-32-27-600x800.jpg 600w\" sizes=\"(max-width: 960px) 100vw, 960px\" \/>\t\t\t<\/a>\n\t<\/div>\n<div class=\"qodef-e qodef-image-wrapper qodef-grid-item\">\n\t\t\t<a class=\"qodef-popup-item\" itemprop=\"image\" href=\"https:\/\/karafili.al\/wp-content\/uploads\/2024\/06\/PHOTO-2019-05-06-22-10-44-2.jpg\" data-type=\"image\" title=\"\">\n\t\t\t<img loading=\"lazy\" decoding=\"async\" width=\"1280\" height=\"1600\" src=\"https:\/\/karafili.al\/wp-content\/uploads\/2024\/06\/PHOTO-2019-05-06-22-10-44-2.jpg\" class=\"attachment-full size-full\" alt=\"\" srcset=\"https:\/\/karafili.al\/wp-content\/uploads\/2024\/06\/PHOTO-2019-05-06-22-10-44-2.jpg 1280w, https:\/\/karafili.al\/wp-content\/uploads\/2024\/06\/PHOTO-2019-05-06-22-10-44-2-240x300.jpg 240w, https:\/\/karafili.al\/wp-content\/uploads\/2024\/06\/PHOTO-2019-05-06-22-10-44-2-819x1024.jpg 819w, https:\/\/karafili.al\/wp-content\/uploads\/2024\/06\/PHOTO-2019-05-06-22-10-44-2-768x960.jpg 768w, https:\/\/karafili.al\/wp-content\/uploads\/2024\/06\/PHOTO-2019-05-06-22-10-44-2-1229x1536.jpg 1229w, https:\/\/karafili.al\/wp-content\/uploads\/2024\/06\/PHOTO-2019-05-06-22-10-44-2-10x12.jpg 10w, https:\/\/karafili.al\/wp-content\/uploads\/2024\/06\/PHOTO-2019-05-06-22-10-44-2-600x750.jpg 600w\" sizes=\"(max-width: 1280px) 100vw, 1280px\" \/>\t\t\t<\/a>\n\t<\/div>\n<div class=\"qodef-e qodef-image-wrapper qodef-grid-item\">\n\t\t\t<a class=\"qodef-popup-item\" itemprop=\"image\" href=\"https:\/\/karafili.al\/wp-content\/uploads\/2024\/06\/PHOTO-2019-05-06-22-11-38.jpg\" data-type=\"image\" title=\"\">\n\t\t\t<img loading=\"lazy\" decoding=\"async\" width=\"1200\" height=\"1600\" src=\"https:\/\/karafili.al\/wp-content\/uploads\/2024\/06\/PHOTO-2019-05-06-22-11-38.jpg\" class=\"attachment-full size-full\" alt=\"\" srcset=\"https:\/\/karafili.al\/wp-content\/uploads\/2024\/06\/PHOTO-2019-05-06-22-11-38.jpg 1200w, https:\/\/karafili.al\/wp-content\/uploads\/2024\/06\/PHOTO-2019-05-06-22-11-38-225x300.jpg 225w, https:\/\/karafili.al\/wp-content\/uploads\/2024\/06\/PHOTO-2019-05-06-22-11-38-768x1024.jpg 768w, https:\/\/karafili.al\/wp-content\/uploads\/2024\/06\/PHOTO-2019-05-06-22-11-38-1152x1536.jpg 1152w, https:\/\/karafili.al\/wp-content\/uploads\/2024\/06\/PHOTO-2019-05-06-22-11-38-9x12.jpg 9w, https:\/\/karafili.al\/wp-content\/uploads\/2024\/06\/PHOTO-2019-05-06-22-11-38-600x800.jpg 600w\" sizes=\"(max-width: 1200px) 100vw, 1200px\" \/>\t\t\t<\/a>\n\t<\/div>\n<div class=\"qodef-e qodef-image-wrapper qodef-grid-item\">\n\t\t\t<a class=\"qodef-popup-item\" itemprop=\"image\" href=\"https:\/\/karafili.al\/wp-content\/uploads\/2024\/07\/4786AB31-8DFA-4786-89B7-84E64B356037.jpg\" data-type=\"image\" title=\"\">\n\t\t\t<img loading=\"lazy\" decoding=\"async\" width=\"1170\" height=\"1495\" src=\"https:\/\/karafili.al\/wp-content\/uploads\/2024\/07\/4786AB31-8DFA-4786-89B7-84E64B356037.jpg\" class=\"attachment-full size-full\" alt=\"\" srcset=\"https:\/\/karafili.al\/wp-content\/uploads\/2024\/07\/4786AB31-8DFA-4786-89B7-84E64B356037.jpg 1170w, https:\/\/karafili.al\/wp-content\/uploads\/2024\/07\/4786AB31-8DFA-4786-89B7-84E64B356037-235x300.jpg 235w, https:\/\/karafili.al\/wp-content\/uploads\/2024\/07\/4786AB31-8DFA-4786-89B7-84E64B356037-801x1024.jpg 801w, https:\/\/karafili.al\/wp-content\/uploads\/2024\/07\/4786AB31-8DFA-4786-89B7-84E64B356037-768x981.jpg 768w, https:\/\/karafili.al\/wp-content\/uploads\/2024\/07\/4786AB31-8DFA-4786-89B7-84E64B356037-9x12.jpg 9w, https:\/\/karafili.al\/wp-content\/uploads\/2024\/07\/4786AB31-8DFA-4786-89B7-84E64B356037-600x767.jpg 600w\" sizes=\"(max-width: 1170px) 100vw, 1170px\" \/>\t\t\t<\/a>\n\t<\/div>\n<div class=\"qodef-e qodef-image-wrapper qodef-grid-item\">\n\t\t\t<a class=\"qodef-popup-item\" itemprop=\"image\" href=\"https:\/\/karafili.al\/wp-content\/uploads\/2024\/07\/942F6621-1ED9-40E4-93C6-E8C8EA8D94DB-e1719856386200.jpg\" data-type=\"image\" title=\"\">\n\t\t\t<img loading=\"lazy\" decoding=\"async\" width=\"1120\" height=\"1700\" src=\"https:\/\/karafili.al\/wp-content\/uploads\/2024\/07\/942F6621-1ED9-40E4-93C6-E8C8EA8D94DB-e1719856386200.jpg\" class=\"attachment-full size-full\" alt=\"\" \/>\t\t\t<\/a>\n\t<\/div>\n<div class=\"qodef-e qodef-image-wrapper qodef-grid-item\">\n\t\t\t<a class=\"qodef-popup-item\" itemprop=\"image\" href=\"https:\/\/karafili.al\/wp-content\/uploads\/2024\/07\/84BB9822-F47B-4952-9643-9463A58D4AD1.jpg\" data-type=\"image\" title=\"\">\n\t\t\t<img loading=\"lazy\" decoding=\"async\" width=\"1014\" height=\"1415\" src=\"https:\/\/karafili.al\/wp-content\/uploads\/2024\/07\/84BB9822-F47B-4952-9643-9463A58D4AD1.jpg\" class=\"attachment-full size-full\" alt=\"\" srcset=\"https:\/\/karafili.al\/wp-content\/uploads\/2024\/07\/84BB9822-F47B-4952-9643-9463A58D4AD1.jpg 1014w, https:\/\/karafili.al\/wp-content\/uploads\/2024\/07\/84BB9822-F47B-4952-9643-9463A58D4AD1-215x300.jpg 215w, https:\/\/karafili.al\/wp-content\/uploads\/2024\/07\/84BB9822-F47B-4952-9643-9463A58D4AD1-734x1024.jpg 734w, https:\/\/karafili.al\/wp-content\/uploads\/2024\/07\/84BB9822-F47B-4952-9643-9463A58D4AD1-768x1072.jpg 768w, https:\/\/karafili.al\/wp-content\/uploads\/2024\/07\/84BB9822-F47B-4952-9643-9463A58D4AD1-9x12.jpg 9w, https:\/\/karafili.al\/wp-content\/uploads\/2024\/07\/84BB9822-F47B-4952-9643-9463A58D4AD1-600x837.jpg 600w\" sizes=\"(max-width: 1014px) 100vw, 1014px\" \/>\t\t\t<\/a>\n\t<\/div>\n<div class=\"qodef-e qodef-image-wrapper qodef-grid-item\">\n\t\t\t<a class=\"qodef-popup-item\" itemprop=\"image\" href=\"https:\/\/karafili.al\/wp-content\/uploads\/2024\/07\/61A830E5-78AE-490D-8F30-A117DBD32EF2.jpg\" data-type=\"image\" title=\"\">\n\t\t\t<img loading=\"lazy\" decoding=\"async\" width=\"1125\" height=\"2000\" src=\"https:\/\/karafili.al\/wp-content\/uploads\/2024\/07\/61A830E5-78AE-490D-8F30-A117DBD32EF2.jpg\" class=\"attachment-full size-full\" alt=\"\" srcset=\"https:\/\/karafili.al\/wp-content\/uploads\/2024\/07\/61A830E5-78AE-490D-8F30-A117DBD32EF2.jpg 1125w, https:\/\/karafili.al\/wp-content\/uploads\/2024\/07\/61A830E5-78AE-490D-8F30-A117DBD32EF2-169x300.jpg 169w, https:\/\/karafili.al\/wp-content\/uploads\/2024\/07\/61A830E5-78AE-490D-8F30-A117DBD32EF2-576x1024.jpg 576w, https:\/\/karafili.al\/wp-content\/uploads\/2024\/07\/61A830E5-78AE-490D-8F30-A117DBD32EF2-768x1365.jpg 768w, https:\/\/karafili.al\/wp-content\/uploads\/2024\/07\/61A830E5-78AE-490D-8F30-A117DBD32EF2-864x1536.jpg 864w, https:\/\/karafili.al\/wp-content\/uploads\/2024\/07\/61A830E5-78AE-490D-8F30-A117DBD32EF2-7x12.jpg 7w, https:\/\/karafili.al\/wp-content\/uploads\/2024\/07\/61A830E5-78AE-490D-8F30-A117DBD32EF2-600x1067.jpg 600w\" sizes=\"(max-width: 1125px) 100vw, 1125px\" \/>\t\t\t<\/a>\n\t<\/div>\n\t<\/div>\n<\/div>\n\t\t<\/div>\n\t\t\t\t<\/div>\n\t\t\t\t\t<\/div>\n\t\t\t\t<\/div>\n\t\t\t\t<\/div>","protected":false},"excerpt":{"rendered":"<p>Mojito 700 rum, sheqer, lime, sode Caipirosca 700 vodka, lime, luleshtrydhe Sex on the beach 700 vodka, pjeshk\u00eb, portokalle, sheg\u00eb Disaronno Sour 700 disaronno, sheqer, limon Margarita 650 tequila, triple sec0, lir. ananasi Aperol Spritz 550 aperol, sode, prosecco Vodka e thart\u00eb 700 disaronno, sheqer, kruasant limon 120 proshut\u00eb [\u2026]<\/p>","protected":false},"author":1,"featured_media":0,"parent":0,"menu_order":0,"comment_status":"closed","ping_status":"closed","template":"page-full-width.php","meta":{"footnotes":""},"_links":{"self":[{"href":"https:\/\/karafili.al\/sq\/wp-json\/wp\/v2\/pages\/8133"}],"collection":[{"href":"https:\/\/karafili.al\/sq\/wp-json\/wp\/v2\/pages"}],"about":[{"href":"https:\/\/karafili.al\/sq\/wp-json\/wp\/v2\/types\/page"}],"author":[{"embeddable":true,"href":"https:\/\/karafili.al\/sq\/wp-json\/wp\/v2\/users\/1"}],"replies":[{"embeddable":true,"href":"https:\/\/karafili.al\/sq\/wp-json\/wp\/v2\/comments?post=8133"}],"version-history":[{"count":16,"href":"https:\/\/karafili.al\/sq\/wp-json\/wp\/v2\/pages\/8133\/revisions"}],"predecessor-version":[{"id":8634,"href":"https:\/\/karafili.al\/sq\/wp-json\/wp\/v2\/pages\/8133\/revisions\/8634"}],"wp:attachment":[{"href":"https:\/\/karafili.al\/sq\/wp-json\/wp\/v2\/media?parent=8133"}],"curies":[{"name":"wp","href":"https:\/\/api.w.org\/{rel}","templated":true}]}}