{"id":1944,"date":"2021-04-29T14:21:35","date_gmt":"2021-04-29T14:21:35","guid":{"rendered":"https:\/\/thalassa.qodeinteractive.com\/?page_id=1944"},"modified":"2024-07-05T23:59:56","modified_gmt":"2024-07-05T23:59:56","slug":"contact-us","status":"publish","type":"page","link":"https:\/\/karafili.al\/sq\/contact-us\/","title":{"rendered":"Na kontaktoni"},"content":{"rendered":"<div data-elementor-type=\"wp-page\" data-elementor-id=\"1944\" class=\"elementor elementor-1944\">\n\t\t\t\t\t\t<section class=\"elementor-section elementor-top-section elementor-element elementor-element-b85f6e3 elementor-section-full_width qodef-elementor-content-grid elementor-section-height-default elementor-section-height-default\" data-id=\"b85f6e3\" data-element_type=\"section\">\n\t\t\t\t\t\t<div class=\"elementor-container elementor-column-gap-default\">\n\t\t\t\t\t<div class=\"elementor-column elementor-col-100 elementor-top-column elementor-element elementor-element-04abe8c\" data-id=\"04abe8c\" data-element_type=\"column\">\n\t\t\t<div class=\"elementor-widget-wrap elementor-element-populated\">\n\t\t\t\t\t\t<div class=\"elementor-element elementor-element-26c8394 elementor-widget elementor-widget-thalassa_core_google_map\" data-id=\"26c8394\" data-element_type=\"widget\" data-widget_type=\"thalassa_core_google_map.default\">\n\t\t\t\t<div class=\"elementor-widget-container\">\n\t\t\t<div class=\"qodef-shortcode qodef-m  qodef-google-map\">\n\t<div class=\"qodef-m-map\" id=\"qodef-map-id--763\" data-addresses='[\"2901 NW 23rd Ave, Miami, FL 33142, USA\"]' data-pin=\"https:\/\/karafili.al\/wp-content\/uploads\/2021\/07\/pin-icon.png\" data-unique-id=\"763\" data-height=\"400\"><\/div>\n<\/div>\n\t\t<\/div>\n\t\t\t\t<\/div>\n\t\t\t\t\t<\/div>\n\t\t<\/div>\n\t\t\t\t\t<\/div>\n\t\t<\/section>\n\t\t<div class=\"elementor-element elementor-element-1948a43 e-con-full e-flex e-con e-parent\" data-id=\"1948a43\" data-element_type=\"container\">\n\t\t<div class=\"elementor-element elementor-element-f44465f e-con-full e-flex e-con e-child\" data-id=\"f44465f\" data-element_type=\"container\">\n\t\t\t\t<div class=\"elementor-element elementor-element-26edb19 elementor-widget elementor-widget-thalassa_core_google_map\" data-id=\"26edb19\" data-element_type=\"widget\" data-widget_type=\"thalassa_core_google_map.default\">\n\t\t\t\t<div class=\"elementor-widget-container\">\n\t\t\t<div class=\"qodef-shortcode qodef-m  qodef-google-map\">\n\t<div class=\"qodef-m-map\" id=\"qodef-map-id--138\" data-addresses='[\"2901 NW 23rd Ave, Miami, FL 33142, USA\"]' data-pin=\"https:\/\/karafili.al\/wp-content\/uploads\/2021\/07\/pin-icon.png\" data-unique-id=\"138\" data-height=\"400\"><\/div>\n<\/div>\n\t\t<\/div>\n\t\t\t\t<\/div>\n\t\t\t\t<\/div>\n\t\t\t\t<\/div>\n\t\t<div class=\"elementor-element elementor-element-fb91d61 e-flex e-con-boxed e-con e-parent\" data-id=\"fb91d61\" data-element_type=\"container\">\n\t\t\t\t\t<div class=\"e-con-inner\">\n\t\t\t\t<div class=\"elementor-element elementor-element-7541e6f elementor-widget elementor-widget-thalassa_core_section_title\" data-id=\"7541e6f\" data-element_type=\"widget\" data-widget_type=\"thalassa_core_section_title.default\">\n\t\t\t\t<div class=\"elementor-widget-container\">\n\t\t\t<div class=\"qodef-shortcode qodef-m  qodef-section-title qodef-alignment--left\">\n\t\t<h2 class=\"qodef-m-title\" >\n\t\t\t\t\tNa kontaktoni\t\t\t<\/h2>\n\t<\/div>\n\t\t<\/div>\n\t\t\t\t<\/div>\n\t\t\t\t<div class=\"elementor-element elementor-element-3396da8 elementor-widget elementor-widget-shortcode\" data-id=\"3396da8\" data-element_type=\"widget\" data-widget_type=\"shortcode.default\">\n\t\t\t\t<div class=\"elementor-widget-container\">\n\t\t\t\t\t<div class=\"elementor-shortcode\">\n<div class=\"wpcf7 no-js\" id=\"wpcf7-f16-o1\" lang=\"en-US\" dir=\"ltr\">\n<div class=\"screen-reader-response\"><p role=\"status\" aria-live=\"polite\" aria-atomic=\"true\"><\/p> <ul><\/ul><\/div>\n<form action=\"\/sq\/wp-json\/wp\/v2\/pages\/1944#wpcf7-f16-o1\" method=\"post\" class=\"wpcf7-form init\" aria-label=\"Formulari i kontaktit\" novalidate=\"novalidate\" data-status=\"init\" data-trp-original-action=\"\/sq\/wp-json\/wp\/v2\/pages\/1944#wpcf7-f16-o1\">\n<div style=\"display: none;\">\n<input type=\"hidden\" name=\"_wpcf7\" value=\"16\" \/>\n<input type=\"hidden\" name=\"_wpcf7_version\" value=\"5.9.6\" \/>\n<input type=\"hidden\" name=\"_wpcf7_locale\" value=\"en_US\" \/>\n<input type=\"hidden\" name=\"_wpcf7_unit_tag\" value=\"wpcf7-f16-o1\" \/>\n<input type=\"hidden\" name=\"_wpcf7_container_post\" value=\"0\" \/>\n<input type=\"hidden\" name=\"_wpcf7_posted_data_hash\" value=\"\" \/>\n<\/div>\n<p><label> Emri juaj<br \/>\n<span class=\"wpcf7-form-control-wrap\" data-name=\"your-name\"><input size=\"40\" maxlength=\"80\" class=\"wpcf7-form-control wpcf7-text wpcf7-validates-as-required\" autocomplete=\"name\" aria-required=\"true\" aria-invalid=\"false\" value=\"\" type=\"text\" name=\"your-name\" \/><\/span> <\/label>\n<\/p>\n<p><label> Email-i juaj<br \/>\n<span class=\"wpcf7-form-control-wrap\" data-name=\"your-email\"><input size=\"40\" maxlength=\"80\" class=\"wpcf7-form-control wpcf7-email wpcf7-validates-as-required wpcf7-text wpcf7-validates-as-email\" autocomplete=\"email\" aria-required=\"true\" aria-invalid=\"false\" value=\"\" type=\"email\" name=\"your-email\" \/><\/span> <\/label>\n<\/p>\n<p><label> Subjekti<br \/>\n<span class=\"wpcf7-form-control-wrap\" data-name=\"your-subject\"><input size=\"40\" maxlength=\"80\" class=\"wpcf7-form-control wpcf7-text wpcf7-validates-as-required\" aria-required=\"true\" aria-invalid=\"false\" value=\"\" type=\"text\" name=\"your-subject\" \/><\/span> <\/label>\n<\/p>\n<p><label> Mesazhi juaj (opsionale)<br \/>\n<span class=\"wpcf7-form-control-wrap\" data-name=\"your-message\"><textarea cols=\"40\" rows=\"10\" maxlength=\"400\" class=\"wpcf7-form-control wpcf7-textarea\" aria-invalid=\"false\" name=\"your-message\"><\/textarea><\/span> <\/label>\n<\/p>\n<p><button class=\"wpcf7-form-control wpcf7-submit qodef-button qodef-size--normal qodef-layout--filled qodef-m\" type=\"submit\"><span class=\"qodef-m-text\">Paraqisni<\/span><span class=\"qodef-m-canvas\"><\/span><\/button>\n<\/p><div class=\"wpcf7-response-output\" aria-hidden=\"true\"><\/div>\n<input type=\"hidden\" name=\"trp-form-language\" value=\"sq\"\/><\/form>\n<\/div>\n<\/div>\n\t\t\t\t<\/div>\n\t\t\t\t<\/div>\n\t\t\t\t\t<\/div>\n\t\t\t\t<\/div>\n\t\t\t\t<section class=\"elementor-section elementor-top-section elementor-element elementor-element-f60b0e0 elementor-section-full_width qodef-elementor-content-grid elementor-section-height-default elementor-section-height-default\" data-id=\"f60b0e0\" data-element_type=\"section\">\n\t\t\t\t\t\t<div class=\"elementor-container elementor-column-gap-default\">\n\t\t\t\t\t<div class=\"elementor-column elementor-col-50 elementor-top-column elementor-element elementor-element-4beee9a\" data-id=\"4beee9a\" data-element_type=\"column\">\n\t\t\t<div class=\"elementor-widget-wrap elementor-element-populated\">\n\t\t\t\t\t\t<div class=\"elementor-element elementor-element-1c8ce55 elementor-widget elementor-widget-thalassa_core_section_title\" data-id=\"1c8ce55\" data-element_type=\"widget\" data-widget_type=\"thalassa_core_section_title.default\">\n\t\t\t\t<div class=\"elementor-widget-container\">\n\t\t\t<div class=\"qodef-shortcode qodef-m  qodef-section-title qodef-alignment--left\">\n\t\t<h2 class=\"qodef-m-title\" >\n\t\t\t\t\tNa d\u00ebrgoni nj\u00eb mesazh\t\t\t<\/h2>\n\t\t<span class=\"qodef-m-text\" style=\"margin-top: 0px\">\n\t\tNa kontaktoni p\u00ebr rezervime, ngjarje t\u00eb ve\u00e7anta ose ndonj\u00eb pyetje dhe zhytuni n\u00eb nj\u00eb p\u00ebrvoj\u00eb t\u00eb paharrueshme t\u00eb ushqimit t\u00eb detit.\t<\/span>\n<\/div>\n\t\t<\/div>\n\t\t\t\t<\/div>\n\t\t\t\t<section class=\"elementor-section elementor-inner-section elementor-element elementor-element-d955234 elementor-section-boxed elementor-section-height-default elementor-section-height-default qodef-elementor-content-no\" data-id=\"d955234\" data-element_type=\"section\">\n\t\t\t\t\t\t<div class=\"elementor-container elementor-column-gap-default\">\n\t\t\t\t\t<div class=\"elementor-column elementor-col-50 elementor-inner-column elementor-element elementor-element-e193bda\" data-id=\"e193bda\" data-element_type=\"column\">\n\t\t\t<div class=\"elementor-widget-wrap elementor-element-populated\">\n\t\t\t\t\t\t<div class=\"elementor-element elementor-element-9448011 elementor-widget elementor-widget-thalassa_core_section_title\" data-id=\"9448011\" data-element_type=\"widget\" data-widget_type=\"thalassa_core_section_title.default\">\n\t\t\t\t<div class=\"elementor-widget-container\">\n\t\t\t<div class=\"qodef-shortcode qodef-m  qodef-section-title qodef-alignment--left\">\n\t\t<h3 class=\"qodef-m-title\" style=\"color: #001C58\">\n\t\t\t\t\tJon\u00eb <br> Vendndodhja \t\t\t<\/h3>\n\t<\/div>\n\t\t<\/div>\n\t\t\t\t<\/div>\n\t\t\t\t<div class=\"elementor-element elementor-element-f30b346 elementor-widget elementor-widget-text-editor\" data-id=\"f30b346\" data-element_type=\"widget\" data-widget_type=\"text-editor.default\">\n\t\t\t\t<div class=\"elementor-widget-container\">\n\t\t\t<style>\/*! elementor - v3.22.0 - 26-06-2024 *\/\n.elementor-widget-text-editor.elementor-drop-cap-view-stacked .elementor-drop-cap{background-color:#69727d;color:#fff}.elementor-widget-text-editor.elementor-drop-cap-view-framed .elementor-drop-cap{color:#69727d;border:3px solid;background-color:transparent}.elementor-widget-text-editor:not(.elementor-drop-cap-view-default) .elementor-drop-cap{margin-top:8px}.elementor-widget-text-editor:not(.elementor-drop-cap-view-default) .elementor-drop-cap-letter{width:1em;height:1em}.elementor-widget-text-editor .elementor-drop-cap{float:left;text-align:center;line-height:1;font-size:50px}.elementor-widget-text-editor .elementor-drop-cap-letter{display:inline-block}<\/style>\t\t\t\t<p>Plazhi i, Nart\u00eb 9400<\/p>\t\t\t\t\t\t<\/div>\n\t\t\t\t<\/div>\n\t\t\t\t<div class=\"elementor-element elementor-element-e546b66 elementor-widget elementor-widget-text-editor\" data-id=\"e546b66\" data-element_type=\"widget\" data-widget_type=\"text-editor.default\">\n\t\t\t\t<div class=\"elementor-widget-container\">\n\t\t\t\t\t\t\t<p>Telefoni: <a href=\"tel:003524458265\">+(355) <\/a><a href=\"https:\/\/www.google.com\/search?client=safari&amp;rls=en&amp;q=karafili+resort&amp;ie=UTF-8&amp;oe=UTF-8#\" data-dtype=\"d3ph\" data-local-attribute=\"d3ph\" data-ved=\"2ahUKEwiohOmYuPqGAxVyRvEDHePJATIQkAgoAHoECCQQAg\"><span aria-label=\"Telefononi n\u00eb numrin e telefonit 069 226 0105\">69 226 0105<\/span><\/a><\/p>\t\t\t\t\t\t<\/div>\n\t\t\t\t<\/div>\n\t\t\t\t<div class=\"elementor-element elementor-element-66c698e elementor-widget elementor-widget-text-editor\" data-id=\"66c698e\" data-element_type=\"widget\" data-widget_type=\"text-editor.default\">\n\t\t\t\t<div class=\"elementor-widget-container\">\n\t\t\t\t\t\t\t<p>info@karafili.al<\/p>\t\t\t\t\t\t<\/div>\n\t\t\t\t<\/div>\n\t\t\t\t\t<\/div>\n\t\t<\/div>\n\t\t\t\t<div class=\"elementor-column elementor-col-50 elementor-inner-column elementor-element elementor-element-9a99d08\" data-id=\"9a99d08\" data-element_type=\"column\">\n\t\t\t<div class=\"elementor-widget-wrap elementor-element-populated\">\n\t\t\t\t\t\t<div class=\"elementor-element elementor-element-a1f0cc5 elementor-widget elementor-widget-thalassa_core_section_title\" data-id=\"a1f0cc5\" data-element_type=\"widget\" data-widget_type=\"thalassa_core_section_title.default\">\n\t\t\t\t<div class=\"elementor-widget-container\">\n\t\t\t<div class=\"qodef-shortcode qodef-m  qodef-section-title qodef-alignment--left\">\n\t\t<h3 class=\"qodef-m-title\" style=\"color: #001C58\">\n\t\t\t\t\tOrari i hapjes\t\t\t<\/h3>\n\t<\/div>\n\t\t<\/div>\n\t\t\t\t<\/div>\n\t\t\t\t<div class=\"elementor-element elementor-element-e3e4e01 elementor-widget elementor-widget-text-editor\" data-id=\"e3e4e01\" data-element_type=\"widget\" data-widget_type=\"text-editor.default\">\n\t\t\t\t<div class=\"elementor-widget-container\">\n\t\t\t\t\t\t\t<p>E hene e premte:<\/p><p>10:00 \u2013 19:00<\/p><p>E shtune e diele:<\/p><p>09:00 \u2013 19:00<\/p>\t\t\t\t\t\t<\/div>\n\t\t\t\t<\/div>\n\t\t\t\t\t<\/div>\n\t\t<\/div>\n\t\t\t\t\t<\/div>\n\t\t<\/section>\n\t\t\t\t\t<\/div>\n\t\t<\/div>\n\t\t\t\t<div class=\"elementor-column elementor-col-50 elementor-top-column elementor-element elementor-element-18fa856\" data-id=\"18fa856\" data-element_type=\"column\">\n\t\t\t<div class=\"elementor-widget-wrap elementor-element-populated\">\n\t\t\t\t\t\t<div class=\"elementor-element elementor-element-aa349cd elementor-widget elementor-widget-html\" data-id=\"aa349cd\" data-element_type=\"widget\" data-widget_type=\"html.default\">\n\t\t\t\t<div class=\"elementor-widget-container\">\n\t\t\t<iframe src=\"https:\/\/www.google.com\/maps\/embed?pb=!1m18!1m12!1m3!1d3034.299479419424!2d19.4308249!3d40.4907602!2m3!1f0!2f0!3f0!3m2!1i1024!2i768!4f13.1!3m3!1m2!1s0x1345312b693f6bfd%3A0xec85d55778645e5f!2sKarafili%20Resort!5e0!3m2!1sen!2s!4v1719091487677!5m2!1sen!2s\" width=\"100%\" height=\"500\" style=\"border:0;\" allowfullscreen=\"\" loading=\"lazy\" referrerpolicy=\"no-referrer-when-downgrade\"><\/iframe>\t\t<\/div>\n\t\t\t\t<\/div>\n\t\t\t\t\t<\/div>\n\t\t<\/div>\n\t\t\t\t\t<\/div>\n\t\t<\/section>\n\t\t\t\t<\/div>","protected":false},"excerpt":{"rendered":"<p>Na Kontaktoni Na D\u00ebrgoni nj\u00eb Mesazh Na kontaktoni p\u00ebr rezervime, evente speciale ose \u00e7do pyetje, dhe zhytuni n\u00eb nj\u00eb p\u00ebrvoj\u00eb t\u00eb paharrueshme me ushqime deti. Vendndodhja Jon\u00eb Plazhi i, Nart\u00eb 9400 Telefoni: +(355) 69 226 0105 info@karafili.al Orari i Hapjes E h\u00ebn\u00eb - E premte: 10:00 - 19:00 E shtun\u00eb - E diel: 09:00 - 19:00<\/p>","protected":false},"author":1,"featured_media":8626,"parent":0,"menu_order":0,"comment_status":"closed","ping_status":"closed","template":"page-full-width.php","meta":{"footnotes":""},"_links":{"self":[{"href":"https:\/\/karafili.al\/sq\/wp-json\/wp\/v2\/pages\/1944"}],"collection":[{"href":"https:\/\/karafili.al\/sq\/wp-json\/wp\/v2\/pages"}],"about":[{"href":"https:\/\/karafili.al\/sq\/wp-json\/wp\/v2\/types\/page"}],"author":[{"embeddable":true,"href":"https:\/\/karafili.al\/sq\/wp-json\/wp\/v2\/users\/1"}],"replies":[{"embeddable":true,"href":"https:\/\/karafili.al\/sq\/wp-json\/wp\/v2\/comments?post=1944"}],"version-history":[{"count":48,"href":"https:\/\/karafili.al\/sq\/wp-json\/wp\/v2\/pages\/1944\/revisions"}],"predecessor-version":[{"id":8727,"href":"https:\/\/karafili.al\/sq\/wp-json\/wp\/v2\/pages\/1944\/revisions\/8727"}],"wp:featuredmedia":[{"embeddable":true,"href":"https:\/\/karafili.al\/sq\/wp-json\/wp\/v2\/media\/8626"}],"wp:attachment":[{"href":"https:\/\/karafili.al\/sq\/wp-json\/wp\/v2\/media?parent=1944"}],"curies":[{"name":"wp","href":"https:\/\/api.w.org\/{rel}","templated":true}]}}